{"id":69,"date":"2019-06-21T04:22:12","date_gmt":"2019-06-21T04:22:12","guid":{"rendered":"https:\/\/d13etns.ie\/?page_id=69"},"modified":"2026-02-16T09:20:08","modified_gmt":"2026-02-16T09:20:08","slug":"faculty","status":"publish","type":"page","link":"https:\/\/www.stapolinetns.ie\/index.php\/faculty\/","title":{"rendered":"School Staff 2025-2026"},"content":{"rendered":"\n<div class=\"wp-block-columns is-layout-flex wp-container-core-columns-is-layout-9d6595d7 wp-block-columns-is-layout-flex\">\n<div class=\"wp-block-column is-layout-flow wp-block-column-is-layout-flow\" style=\"flex-basis:100%\">\n<p class=\"has-yellow-background-color has-background\"><strong>School<\/strong> <strong>Leadership Team<\/strong><br>Clodagh Farrell &#8211; Principal<br>Adrienne Middleton &#8211; Deputy Principal<br>Tara O&#8217;Sullivan &#8211; Assistant Principal I<br>Cl\u00edodhna Puirs\u00e9il &#8211; Assistant Principal I<br>Lorraine Cleary &#8211; Assistant Principal II<br>Fionnuala Nig Shamhr\u00e1in &#8211; Assistant Principal II<br>Carla Hayes &#8211; Assistant Principal II<br>Laura Riordan &#8211; Assistant Principal II<br>Carol Whelan &#8211; Assistant Principal II<br><br><strong>Class Teachers<\/strong><br> Junior Infants &#8211; Ellen Lydon &amp; Lianna Sweeney<br>Senior Infants &#8211; Ciara Conville &amp; Cody Fitzsimons<br>First Class &#8211; Nicole Barron &amp; Aisling Fowler<br>Second Class &#8211; Hannah McGroarty Barry &amp; Jennifer Aherne<br>Third Class &#8211; Elly Ryan &amp; Brigid Connolly<br>Fourth Class &#8211; Lorraine Cleary &amp; Peter Campbell<br>Fifth Class &#8211; Kathleen Smith, Tara O&#8217;Sullivan, &amp; Margaret Fitzpatrick<br>Sixth Class &#8211; Fionnuala Nig Shamhr\u00e1in<br>Autism Classes &#8211; Carol Whelan &amp; Cl\u00edodhna Puirs\u00e9il<br>DLD Class &#8211; Br\u00edd\u00edn Bracken<br><br><strong>Special Education Teachers<\/strong><br>Adrienne Middleton, Anna Karman, Carla Hayes, Deirdre Hanratty, Gr\u00e1inne Heaphy, Hannah O&#8217;Dwyer, Holly Gifford, Laura Riordan, Lesley Kenny, Megan Fortune<br><br><strong>Special Needs Assistants<\/strong><br>Amy McKeon, Catalina Ugur, Emma Carley, Joanne Lee, Kaori Miyakuji, Karen Kenny, Louise Cassidy, Mandy Skelly, Melissa Curtis, Mertxe Saiz Zorrilla, Natasha Skelly, Orla McGregor, Sadia Fayyaz, Samantha O&#8217;Flanagan, Sarah Montague, Selene Fagan, Stephanie O&#8217;Keeffe<br><br><strong>Speech &amp; Language Therapist<\/strong> &#8211; Ciara O&#8217;Donnell<br><br><strong>Bus Escorts<\/strong><br>Nusaiba Awad, Vitalina Syniavska<br><br><strong>Administrative<\/strong> <strong>Team<\/strong><br>Jennifer Nother &#8211; School Secretary<br>Naomi Phillips &#8211; School Secretary<br>Amy Reynolds &#8211; Administrative Executive<br><br><strong>Caretaker<\/strong> &#8211; Alan Skelly<\/p>\n\n\n\n<div class=\"wp-block-columns is-layout-flex wp-container-core-columns-is-layout-9d6595d7 wp-block-columns-is-layout-flex\">\n<div class=\"wp-block-column is-layout-flow wp-block-column-is-layout-flow\"><\/div>\n<\/div>\n<\/div>\n<\/div>\n\n\n\n<div class=\"wp-block-columns is-layout-flex wp-container-core-columns-is-layout-9d6595d7 wp-block-columns-is-layout-flex\">\n<div class=\"wp-block-column is-layout-flow wp-block-column-is-layout-flow\"><\/div>\n<\/div>\n","protected":false},"excerpt":{"rendered":"<p>School Leadership TeamClodagh Farrell &#8211; PrincipalAdrienne Middleton &#8211; Deputy PrincipalTara O&#8217;Sullivan &#8211; Assistant Principal ICl\u00edodhna Puirs\u00e9il &#8211; Assistant Principal ILorraine Cleary &#8211; Assistant Principal IIFionnuala Nig Shamhr\u00e1in &#8211; Assistant Principal IICarla Hayes &#8211; Assistant Principal IILaura Riordan &#8211; Assistant Principal IICarol Whelan &#8211; Assistant Principal II Class Teachers Junior Infants &#8211; Ellen Lydon &amp; Lianna &hellip; <a href=\"https:\/\/www.stapolinetns.ie\/index.php\/faculty\/\" class=\"more-link\">Continue reading<span class=\"screen-reader-text\"> &#8220;School Staff 2025-2026&#8221;<\/span><\/a><\/p>\n","protected":false},"author":2,"featured_media":0,"parent":0,"menu_order":0,"comment_status":"closed","ping_status":"closed","template":"","meta":{"footnotes":""},"class_list":["post-69","page","type-page","status-publish","hentry"],"_links":{"self":[{"href":"https:\/\/www.stapolinetns.ie\/index.php\/wp-json\/wp\/v2\/pages\/69","targetHints":{"allow":["GET"]}}],"collection":[{"href":"https:\/\/www.stapolinetns.ie\/index.php\/wp-json\/wp\/v2\/pages"}],"about":[{"href":"https:\/\/www.stapolinetns.ie\/index.php\/wp-json\/wp\/v2\/types\/page"}],"author":[{"embeddable":true,"href":"https:\/\/www.stapolinetns.ie\/index.php\/wp-json\/wp\/v2\/users\/2"}],"replies":[{"embeddable":true,"href":"https:\/\/www.stapolinetns.ie\/index.php\/wp-json\/wp\/v2\/comments?post=69"}],"version-history":[{"count":20,"href":"https:\/\/www.stapolinetns.ie\/index.php\/wp-json\/wp\/v2\/pages\/69\/revisions"}],"predecessor-version":[{"id":7030,"href":"https:\/\/www.stapolinetns.ie\/index.php\/wp-json\/wp\/v2\/pages\/69\/revisions\/7030"}],"wp:attachment":[{"href":"https:\/\/www.stapolinetns.ie\/index.php\/wp-json\/wp\/v2\/media?parent=69"}],"curies":[{"name":"wp","href":"https:\/\/api.w.org\/{rel}","templated":true}]}}